{"id":374,"date":"2018-10-23T08:04:01","date_gmt":"2018-10-23T08:04:01","guid":{"rendered":"https:\/\/futuriodemos.com\/default-demo\/?page_id=31"},"modified":"2025-07-26T19:05:03","modified_gmt":"2025-07-26T19:05:03","slug":"home-2","status":"publish","type":"page","link":"https:\/\/adaramarin.com\/","title":{"rendered":"Home"},"content":{"rendered":"<h2>\n<p>Brolik Kayak F\u0131sh\u0131ng<\/p>\n<\/h2>\n<h2 data-speed=\"33\" data-delay=\"1000\" data-loop=\"0\">\n                    Her Ufuk Yeni Bir Ba\u015flang\u0131\u00e7<br \/>\n                <\/h2>\n<p>Adara Marin ile do\u011faya a\u00e7\u0131lan yolculu\u011funuzda her \u015fey d\u00fc\u015f\u00fcnd\u00fc\u011f\u00fcn\u00fczden fazlas\u0131\u2026<br \/>\u00c7\u00fcnk\u00fc biz sadece deniz ara\u00e7lar\u0131 \u00fcretmiyoruz; g\u00fcvenli, kaliteli ve konforlu bir deneyim in\u015fa ediyoruz.<\/p>\n<p>\t\t\t\t\t<a href=\"#services\"><br \/>\n\t\t\t\t\t\t\t\t\t\u00dcr\u00fcnlerimiz<br \/>\n\t\t\t\t\t<\/a><br \/>\n\t\t\t\t\t<a href=\"https:\/\/futuriowp.com\/\"><br \/>\n\t\t\t\t\t\t\t\t\tHakk\u0131m\u0131zda<br \/>\n\t\t\t\t\t<\/a><br \/>\n\t\t\t\t<svg aria-hidden=\"true\" viewBox=\"0 0 640 512\" xmlns=\"http:\/\/www.w3.org\/2000\/svg\"><path d=\"M434.7 64h-85.9c-8 0-15.7 3-21.6 8.4l-98.3 90c-.1.1-.2.3-.3.4-16.6 15.6-16.3 40.5-2.1 56 12.7 13.9 39.4 17.6 56.1 2.7.1-.1.3-.1.4-.2l79.9-73.2c6.5-5.9 16.7-5.5 22.6 1 6 6.5 5.5 16.6-1 22.6l-26.1 23.9L504 313.8c2.9 2.4 5.5 5 7.9 7.7V128l-54.6-54.6c-5.9-6-14.1-9.4-22.6-9.4zM544 128.2v223.9c0 17.7 14.3 32 32 32h64V128.2h-96zm48 223.9c-8.8 0-16-7.2-16-16s7.2-16 16-16 16 7.2 16 16-7.2 16-16 16zM0 384h64c17.7 0 32-14.3 32-32V128.2H0V384zm48-63.9c8.8 0 16 7.2 16 16s-7.2 16-16 16-16-7.2-16-16c0-8.9 7.2-16 16-16zm435.9 18.6L334.6 217.5l-30 27.5c-29.7 27.1-75.2 24.5-101.7-4.4-26.9-29.4-24.8-74.9 4.4-101.7L289.1 64h-83.8c-8.5 0-16.6 3.4-22.6 9.4L128 128v223.9h18.3l90.5 81.9c27.4 22.3 67.7 18.1 90-9.3l.2-.2 17.9 15.5c15.9 13 39.4 10.5 52.3-5.4l31.4-38.6 5.4 4.4c13.7 11.1 33.9 9.1 45-4.7l9.5-11.7c11.2-13.8 9.1-33.9-4.6-45.1z\"><\/path><\/svg>\t\t\t\t<\/p>\n<h3>\n\t\t\t\t\t\t\tG\u00fcven<br \/>\n\t\t\t\t\t<\/h3>\n<p>\n\t\t\t\t\t\tBrolik Kayak Fishing, zorlu do\u011fa ko\u015fullar\u0131nda dahi \u00fcst\u00fcn denge, sessiz motor yap\u0131s\u0131 ve y\u00fcksek dayan\u0131kl\u0131l\u0131\u011f\u0131 ile kullan\u0131c\u0131ya tam g\u00fcven sunar. Su \u00fcst\u00fcnde sa\u011flam duru\u015fu, kaliteli malzeme yap\u0131s\u0131 ve geli\u015fmi\u015f batarya sistemi sayesinde hem bal\u0131k\u00e7\u0131l\u0131kta hem gezilerde her an yan\u0131n\u0131zda\u2026Adara Marin g\u00fcvencesiyle, do\u011fada daima emin ad\u0131mlarla.\t\t\t\t\t<\/p>\n<p>\t\t\t\t<svg aria-hidden=\"true\" viewBox=\"0 0 448 512\" xmlns=\"http:\/\/www.w3.org\/2000\/svg\"><path d=\"M400 480H48c-26.51 0-48-21.49-48-48V80c0-26.51 21.49-48 48-48h352c26.51 0 48 21.49 48 48v352c0 26.51-21.49 48-48 48zm-204.686-98.059l184-184c6.248-6.248 6.248-16.379 0-22.627l-22.627-22.627c-6.248-6.248-16.379-6.249-22.628 0L184 302.745l-70.059-70.059c-6.248-6.248-16.379-6.248-22.628 0l-22.627 22.627c-6.248 6.248-6.248 16.379 0 22.627l104 104c6.249 6.25 16.379 6.25 22.628.001z\"><\/path><\/svg>\t\t\t\t<\/p>\n<h3>\n\t\t\t\t\t\t\tKalite<br \/>\n\t\t\t\t\t<\/h3>\n<p>\n\t\t\t\t\t\tBrolik Kayak Fishing, her ayr\u0131nt\u0131s\u0131yla \u00fcst\u00fcn kalite standartlar\u0131nda \u00fcretilir. Dayan\u0131kl\u0131 g\u00f6vde yap\u0131s\u0131, uzun \u00f6m\u00fcrl\u00fc elektrik motoru ve \u00f6zenle se\u00e7ilmi\u015f yerli malzemeleriyle uzun y\u0131llar g\u00fcvenle kullan\u0131l\u0131r. Adara Marin kalitesi, sadece bir \u00fcr\u00fcn de\u011fil, bir deneyim sunar.\t\t\t\t\t<\/p>\n<p>\t\t\t\t<svg aria-hidden=\"true\" viewBox=\"0 0 512 512\" xmlns=\"http:\/\/www.w3.org\/2000\/svg\"><path d=\"M214 169.1c0 110.4-61 205.4-147.6 247.4C30 373.2 8 317.7 8 256.6 8 133.9 97.1 32.2 214 12.5v156.6zM255 504c-42.9 0-83.3-11-118.5-30.4C193.7 437.5 239.9 382.9 255 319c15.5 63.9 61.7 118.5 118.8 154.7C338.7 493 298.3 504 255 504zm190.6-87.5C359 374.5 298 279.6 298 169.1V12.5c116.9 19.7 206 121.4 206 244.1 0 61.1-22 116.6-58.4 159.9z\"><\/path><\/svg>\t\t\t\t<\/p>\n<h3>\n\t\t\t\t\t\t\tKonfor<br \/>\n\t\t\t\t\t<\/h3>\n<p>\n\t\t\t\t\t\tBrolik Kayak Fishing, do\u011fayla i\u00e7 i\u00e7e anlarda maksimum konfor sunmak i\u00e7in tasarland\u0131. Ergonomik oturma alan\u0131, sessiz motor yap\u0131s\u0131 ve dengeli g\u00f6vdesi sayesinde, ister bal\u0131k tutarken ister ke\u015ffe \u00e7\u0131karken rahatl\u0131\u011f\u0131n\u0131zdan asla \u00f6d\u00fcn vermezsiniz. Adara Marin ile her yolculuk keyifli bir ser\u00fcvene d\u00f6n\u00fc\u015f\u00fcr.\t\t\t\t\t<\/p>\n<h2>\n<p>Brolik Kayak F\u0131sh\u0131ng<\/p>\n<\/h2>\n<h3 data-speed=\"110\" data-delay=\"2500\" data-loop=\"1\">\n                    G\u00fcven<br \/>\nKalite<br \/>\nKofor<br \/>\n                <\/h3>\n<p>Adara Marin ile do\u011faya a\u00e7\u0131lan yolculu\u011funuzda her \u015fey d\u00fc\u015f\u00fcnd\u00fc\u011f\u00fcn\u00fczden fazlas\u0131\u2026<br \/>\u00c7\u00fcnk\u00fc biz sadece deniz ara\u00e7lar\u0131 \u00fcretmiyoruz; g\u00fcvenli, kaliteli ve konforlu bir deneyim in\u015fa ediyoruz.<\/p>\n<p>\t\t\t\t\t<a href=\"#features\"><br \/>\n\t\t\t\t\t\t\t\t\t\u00dcr\u00fcnlerimiz<br \/>\n\t\t\t\t\t<\/a><\/p>\n<p>\u00dcr\u00fcnlerimizi g\u00f6rmek i\u00e7in hemen sayfam\u0131z\u0131 ziyaret edin&#8230;<\/p>\n<p>\t\t\t\t\t<a href=\"#features\"><br \/>\n\t\t\t\t\t\t\t\t\t\u00dcr\u00fcnlerimiz<br \/>\n\t\t\t\t\t<\/a><\/p>\n<p>\u201cBrolik Kayak Fishing: G\u00fcven, Kalite, Konfor ve Yenilikle, Yerli ve \u00c7evreci Su Maceran\u0131z.\u201d<\/p>\n<p>\u201cBrolik Kayak Fishing \u2014 Yerli Tasar\u0131m, \u00dcst\u00fcn Kalite, Maksimum Konfor ve Do\u011fa Dostu Yenilik.\u201d<\/p>\n<p>Adara Marin<\/p>\n<h2>\n<p>Brolik Kayak Fishing<\/p>\n<\/h2>\n<h2>\n<p>Sizin i\u00e7in tasarl\u0131yoruz.<\/p>\n<\/h2>\n<h3>Ki\u015fiye \u00f6zel tasar\u0131m<\/h3>\n<p>Tarz\u0131n\u0131z\u0131 suya yans\u0131t\u0131n.<br \/>\nAdara Marin, Brolik modellerinde renk, desen ve \u00e7izgi detaylar\u0131n\u0131 tamamen sizin zevkinize g\u00f6re \u00f6zelle\u015ftirir. \u0130ster sade ve modern bir g\u00f6r\u00fcn\u00fcm, ister enerjik ve dikkat \u00e7ekici bir tasar\u0131m\u2026 Her Brolik, sizin imzan\u0131z\u0131 ta\u015f\u0131s\u0131n diye \u00f6zel olarak haz\u0131rlan\u0131r.<\/p>\n<h3>Bal\u0131k\u00e7\u0131l\u0131k ve Gezi Odakl\u0131 Tasar\u0131m<\/h3>\n<p>Hem ke\u015fif, hem av keyfi bir arada.<br \/>\nBrolik, bal\u0131k\u00e7\u0131l\u0131k ve do\u011fa gezileri i\u00e7in \u00f6zel olarak tasarland\u0131. Geni\u015f depolama alanlar\u0131, dengeli yap\u0131s\u0131 ve sessiz motoru sayesinde hem konforlu bir seyahat hem de verimli bir av deneyimi sunar.<\/p>\n<h3>Elektrikli Deniz Arac\u0131 Geli\u015ftirme<\/h3>\n<p>Gelecek, sessiz ve s\u00fcrd\u00fcr\u00fclebilir sularda.<br \/>\nAdara Marin olarak, \u00e7evreci ve yenilik\u00e7i \u00e7\u00f6z\u00fcmlerle elektrikli deniz ara\u00e7lar\u0131 geli\u015ftiriyoruz. Y\u00fcksek verimli motorlar, uzun menzil ve do\u011fa dostu teknolojilerle su \u00fcst\u00fcnde yeni bir \u00e7a\u011f ba\u015flat\u0131yoruz.<\/p>\n<h3>Test ve Kalite Kontrol<\/h3>\n<p>Her detay, titizlikle denetlenir.<br \/>\nBrolik \u00fcr\u00fcnlerimiz, \u00fcretim sonras\u0131 \u00e7ok a\u015famal\u0131 test ve kalite kontrol s\u00fcre\u00e7lerinden ge\u00e7er. Dayan\u0131kl\u0131l\u0131k, denge, elektrik sistemi ve su performans\u0131 titizlikle \u00f6l\u00e7\u00fcl\u00fcr; kullan\u0131c\u0131ya sorunsuz ve g\u00fcvenilir bir deneyim sunmak i\u00e7in en y\u00fcksek standartlar uygulan\u0131r.<\/p>\n<p>\t\t\t\t\t\t\t\t\t\t\t\t\t\t\t<img loading=\"lazy\" decoding=\"async\" width=\"1024\" height=\"681\" src=\"https:\/\/adaramarin.com\/wp-content\/uploads\/2025\/07\/Brolik-Kayak-Fishing1-1024x681.jpeg\" alt=\"\" srcset=\"https:\/\/adaramarin.com\/wp-content\/uploads\/2025\/07\/Brolik-Kayak-Fishing1-1024x681.jpeg 1024w, https:\/\/adaramarin.com\/wp-content\/uploads\/2025\/07\/Brolik-Kayak-Fishing1-300x199.jpeg 300w, https:\/\/adaramarin.com\/wp-content\/uploads\/2025\/07\/Brolik-Kayak-Fishing1-768x511.jpeg 768w, https:\/\/adaramarin.com\/wp-content\/uploads\/2025\/07\/Brolik-Kayak-Fishing1-1536x1021.jpeg 1536w, https:\/\/adaramarin.com\/wp-content\/uploads\/2025\/07\/Brolik-Kayak-Fishing1-2048x1362.jpeg 2048w\" sizes=\"auto, (max-width: 1024px) 100vw, 1024px\" \/>\t\t\t\t\t\t\t\t\t\t\t\t\t\t\t<\/p>\n<h3>Yedek Par\u00e7a ve Teknik Servis<\/h3>\n<p>Sat\u0131\u015f sonras\u0131 da yan\u0131n\u0131zday\u0131z.<br \/>\nAdara Marin olarak, t\u00fcm Brolik modelleri i\u00e7in orijinal yedek par\u00e7a temini ve uzman teknik servis deste\u011fi sunuyoruz. \u0130htiyac\u0131n\u0131z olan her an, h\u0131zl\u0131 ve g\u00fcvenilir \u00e7\u00f6z\u00fcmlerle yan\u0131n\u0131zday\u0131z.<\/p>\n<h3>Lojistik ve Teslimat Deste\u011fi<\/h3>\n<p>\u00dcr\u00fcn\u00fcn\u00fcz g\u00fcvenle, zaman\u0131nda elinizde.<br \/>\nAdara Marin, Brolik \u00fcr\u00fcnlerini T\u00fcrkiye\u2019nin her yerine g\u00fcvenli ambalajlama ve planl\u0131 lojistik hizmeti ile ula\u015ft\u0131r\u0131r. Teslimat s\u00fcreci boyunca size bilgi verilir, \u00fcr\u00fcn\u00fcn\u00fcz sorunsuz \u015fekilde adresinize teslim edilir.<\/p>\n<h3>Fuar ve Lansman Kat\u0131l\u0131m\u0131<\/h3>\n<p>Adara Marin olarak, denizcilik sekt\u00f6r\u00fcn\u00fcn \u00f6nde gelen fuar ve lansman etkinliklerinde yer al\u0131yor, Brolik\u2019in yenilik\u00e7i teknolojisini ve tasar\u0131m g\u00fcc\u00fcn\u00fc do\u011frudan kullan\u0131c\u0131larla bulu\u015fturuyoruz.<\/p>\n<h3>Geri Bildirime Dayal\u0131 Geli\u015ftirme<\/h3>\n<p>Adara Marin olarak, kullan\u0131c\u0131 deneyimlerini ve geri bildirimlerini dikkate alarak Brolik\u2019i s\u00fcrekli geli\u015ftiriyoruz. Her g\u00f6r\u00fc\u015f, daha iyi bir \u00fcr\u00fcn i\u00e7in bize ilham verir.<\/p>\n<p>\t\t\t\t\t<a href=\"#contact\" target=\"_blank\"><br \/>\n\t\t\t\t\t\t\t\t\t\u0130leti\u015fim<br \/>\n\t\t\t\t\t<\/a><\/p>\n<h2>\n<p>News<\/p>\n<\/h2>\n<p>From our blog<\/p>\n<p>\t\t[futurio-posts text_color=&#8221;#fff&#8221; columns=&#8221;3&#8243; limit=&#8221;3&#8243; category=&#8221;2&#8243;]\t\t<\/p>\n<h2>Sponsorlar<\/h2>\n<figure><img decoding=\"async\" src=\"https:\/\/adaramarin.com\/wp-content\/uploads\/elementor\/thumbs\/Brolik-Kayak-Fishing1-scaled-r9c4fymo159vlo029l49wxsq7dfof5e4acqoewp0nu.jpeg\" alt=\"Brolik Kayak Fishing1\" \/><\/figure>\n<figure><img decoding=\"async\" src=\"https:\/\/adaramarin.com\/wp-content\/uploads\/elementor\/thumbs\/Fuar-20251-2-r9c3bzjrdsjvuo2eot2gdiy0qggq2jp2ghyao9ysjw.jpeg\" alt=\"Fuar 20251\" \/><\/figure>\n<figure><img decoding=\"async\" src=\"https:\/\/adaramarin.com\/wp-content\/uploads\/elementor\/thumbs\/Fuar-20252-2-scaled-r9c3c3b454p153wy2uoynhzv3zy6xc3zt0k8ldt6p2.jpeg\" alt=\"Fuar 20252\" \/><\/figure>\n<figure><img decoding=\"async\" src=\"https:\/\/adaramarin.com\/wp-content\/uploads\/elementor\/thumbs\/Fuar-20255-2-scaled-r9c3cicj6h9mavb3n16zre78m5w2chrp73009t6vxi.jpeg\" alt=\"Fuar 20255\" \/><\/figure>\n<figure><img decoding=\"async\" src=\"https:\/\/adaramarin.com\/wp-content\/uploads\/elementor\/thumbs\/Fuar-202511-2-scaled-r9c3d8o0hu9nby8vdckjp7k58yacc0o6mp9lpk3v3a.jpeg\" alt=\"Fuar 202511\" \/><\/figure>\n<figure><img decoding=\"async\" src=\"https:\/\/adaramarin.com\/wp-content\/uploads\/elementor\/thumbs\/Fuar-202512-2-scaled-r9c3ddd7g0g2y021lwlojodg7vn6ei6ubcj13xwwxq.jpeg\" alt=\"Fuar 202512\" \/><\/figure>\n<figure><img decoding=\"async\" src=\"https:\/\/adaramarin.com\/wp-content\/uploads\/elementor\/thumbs\/Fuar-202517-1-scaled-r9c3e1t0dpdjbv2jn75zci7fnwapymvv2phnl4wnqe.jpeg\" alt=\"Fuar 202517\" \/><\/figure>\n<figure><img decoding=\"async\" src=\"https:\/\/adaramarin.com\/wp-content\/uploads\/elementor\/thumbs\/Fuar-202518-1-scaled-r9c3e6i7bvjyxwvpvr746z0qmtnk14eircr2zippku.jpeg\" alt=\"Fuar 202518\" \/><\/figure>\n<figure><img decoding=\"async\" src=\"https:\/\/adaramarin.com\/wp-content\/uploads\/elementor\/thumbs\/Fuar-202525-1-scaled-r9c3f4ce5wuajvike5tooqhc0p0rq84uw08k9hbina.jpeg\" alt=\"Fuar 202525\" \/><\/figure>\n<h3>Brolik Kayak Fishing<\/h3>\n<p><strong data-start=\"74\" data-end=\"98\">Brolik Kayak Fishing<\/strong>, bal\u0131k\u00e7\u0131l\u0131k ve do\u011fa gezileri i\u00e7in tasarlanm\u0131\u015f \u00e7ok y\u00f6nl\u00fc elektrikli su arac\u0131d\u0131r. Sessiz motoru, dengeli yap\u0131s\u0131 ve geni\u015f ekipman alanlar\u0131yla hem konforlu av deneyimi hem de keyifli ke\u015fifler sunar. T\u00fcrkiye\u2019nin yenilik\u00e7i elektrikli motorlu su arac\u0131.<\/p>\n<p>\t\t\t<iframe loading=\"lazy\"\n\t\t\t\t\tsrc=\"https:\/\/maps.google.com\/maps?q=38.210980%2C%2027.157165&#038;t=m&#038;z=12&#038;output=embed&#038;iwloc=near\"\n\t\t\t\t\ttitle=\"38.210980, 27.157165\"\n\t\t\t\t\taria-label=\"38.210980, 27.157165\"\n\t\t\t><\/iframe><\/p>\n<h4>\u0130leti\u015fime Ge\u00e7in<\/h4>\n<p>\t\t\t\t\tAdres\t\t\t\t<\/p>\n<p>Develi, 35478 Menderes\/\u0130zmir<\/p>\n<p>\t\t\t\t\t\u0130leti\u015fim\t\t\t\t<\/p>\n<p>Tel: + 90 507 578 75 77<\/p>\n<p>Email : info@adaramarin.com<\/p>\n<p>\t\t\t\t\t\u00c7al\u0131\u015fma Saatleri\t\t\t\t<\/p>\n<p>Pzt-Cm 09:00 &#8211; 19:00<\/p>\n<p>Cmt-Pz 10:00 &#8211; 14:00<\/p>\n<p>\t\t\t\t\tBizi Takip Edin<br \/>\n\t\t\t\t\t<a href=\"https:\/\/www.instagram.com\/adaramarine\/\" target=\"_blank\"><br \/>\n\t\t\t\t\t\tInstagram<br \/>\n\t\t\t\t\t\t<svg viewBox=\"0 0 448 512\" xmlns=\"http:\/\/www.w3.org\/2000\/svg\"><path d=\"M224.1 141c-63.6 0-114.9 51.3-114.9 114.9s51.3 114.9 114.9 114.9S339 319.5 339 255.9 287.7 141 224.1 141zm0 189.6c-41.1 0-74.7-33.5-74.7-74.7s33.5-74.7 74.7-74.7 74.7 33.5 74.7 74.7-33.6 74.7-74.7 74.7zm146.4-194.3c0 14.9-12 26.8-26.8 26.8-14.9 0-26.8-12-26.8-26.8s12-26.8 26.8-26.8 26.8 12 26.8 26.8zm76.1 27.2c-1.7-35.9-9.9-67.7-36.2-93.9-26.2-26.2-58-34.4-93.9-36.2-37-2.1-147.9-2.1-184.9 0-35.8 1.7-67.6 9.9-93.9 36.1s-34.4 58-36.2 93.9c-2.1 37-2.1 147.9 0 184.9 1.7 35.9 9.9 67.7 36.2 93.9s58 34.4 93.9 36.2c37 2.1 147.9 2.1 184.9 0 35.9-1.7 67.7-9.9 93.9-36.2 26.2-26.2 34.4-58 36.2-93.9 2.1-37 2.1-147.8 0-184.8zM398.8 388c-7.8 19.6-22.9 34.7-42.6 42.6-29.5 11.7-99.5 9-132.1 9s-102.7 2.6-132.1-9c-19.6-7.8-34.7-22.9-42.6-42.6-11.7-29.5-9-99.5-9-132.1s-2.6-102.7 9-132.1c7.8-19.6 22.9-34.7 42.6-42.6 29.5-11.7 99.5-9 132.1-9s102.7-2.6 132.1 9c19.6 7.8 34.7 22.9 42.6 42.6 11.7 29.5 9 99.5 9 132.1s2.7 102.7-9 132.1z\"><\/path><\/svg>\t\t\t\t\t<\/a><br \/>\n\t\t\t\t\t<a target=\"_blank\"><br \/>\n\t\t\t\t\t\tYoutube<br \/>\n\t\t\t\t\t\t<svg viewBox=\"0 0 576 512\" xmlns=\"http:\/\/www.w3.org\/2000\/svg\"><path d=\"M549.655 124.083c-6.281-23.65-24.787-42.276-48.284-48.597C458.781 64 288 64 288 64S117.22 64 74.629 75.486c-23.497 6.322-42.003 24.947-48.284 48.597-11.412 42.867-11.412 132.305-11.412 132.305s0 89.438 11.412 132.305c6.281 23.65 24.787 41.5 48.284 47.821C117.22 448 288 448 288 448s170.78 0 213.371-11.486c23.497-6.321 42.003-24.171 48.284-47.821 11.412-42.867 11.412-132.305 11.412-132.305s0-89.438-11.412-132.305zm-317.51 213.508V175.185l142.739 81.205-142.739 81.201z\"><\/path><\/svg>\t\t\t\t\t<\/a><br \/>\n\t\t\t\t\t<a target=\"_blank\"><br \/>\n\t\t\t\t\t\tFacebook-f<br \/>\n\t\t\t\t\t\t<svg viewBox=\"0 0 320 512\" xmlns=\"http:\/\/www.w3.org\/2000\/svg\"><path d=\"M279.14 288l14.22-92.66h-88.91v-60.13c0-25.35 12.42-50.06 52.24-50.06h40.42V6.26S260.43 0 225.36 0c-73.22 0-121.08 44.38-121.08 124.72v70.62H22.89V288h81.39v224h100.17V288z\"><\/path><\/svg>\t\t\t\t\t<\/a><br \/>\n\t\t\t\t\t<a target=\"_blank\"><br \/>\n\t\t\t\t\t\tGoogle-plus-g<br \/>\n\t\t\t\t\t\t<svg viewBox=\"0 0 640 512\" xmlns=\"http:\/\/www.w3.org\/2000\/svg\"><path d=\"M386.061 228.496c1.834 9.692 3.143 19.384 3.143 31.956C389.204 370.205 315.599 448 204.8 448c-106.084 0-192-85.915-192-192s85.916-192 192-192c51.864 0 95.083 18.859 128.611 50.292l-52.126 50.03c-14.145-13.621-39.028-29.599-76.485-29.599-65.484 0-118.92 54.221-118.92 121.277 0 67.056 53.436 121.277 118.92 121.277 75.961 0 104.513-54.745 108.965-82.773H204.8v-66.009h181.261zm185.406 6.437V179.2h-56.001v55.733h-55.733v56.001h55.733v55.733h56.001v-55.733H627.2v-56.001h-55.733z\"><\/path><\/svg>\t\t\t\t\t<\/a><\/p>\n","protected":false},"excerpt":{"rendered":"<p>Brolik Kayak F\u0131sh\u0131ng Her Ufuk Yeni Bir Ba\u015flang\u0131\u00e7 Adara Marin ile do\u011faya a\u00e7\u0131lan yolculu\u011funuzda her \u015fey d\u00fc\u015f\u00fcnd\u00fc\u011f\u00fcn\u00fczden fazlas\u0131\u2026\u00c7\u00fcnk\u00fc biz sadece deniz ara\u00e7lar\u0131 \u00fcretmiyoruz; g\u00fcvenli, kaliteli ve konforlu bir deneyim in\u015fa ediyoruz. \u00dcr\u00fcnlerimiz Hakk\u0131m\u0131zda G\u00fcven Brolik Kayak Fishing, zorlu do\u011fa ko\u015fullar\u0131nda dahi \u00fcst\u00fcn denge, sessiz motor yap\u0131s\u0131 ve y\u00fcksek dayan\u0131kl\u0131l\u0131\u011f\u0131 ile kullan\u0131c\u0131ya tam g\u00fcven sunar. Su [&hellip;]<\/p>\n","protected":false},"author":1,"featured_media":0,"parent":0,"menu_order":0,"comment_status":"closed","ping_status":"closed","template":"","meta":{"footnotes":""},"class_list":["post-374","page","type-page","status-publish","hentry"],"_links":{"self":[{"href":"https:\/\/adaramarin.com\/index.php\/wp-json\/wp\/v2\/pages\/374","targetHints":{"allow":["GET"]}}],"collection":[{"href":"https:\/\/adaramarin.com\/index.php\/wp-json\/wp\/v2\/pages"}],"about":[{"href":"https:\/\/adaramarin.com\/index.php\/wp-json\/wp\/v2\/types\/page"}],"author":[{"embeddable":true,"href":"https:\/\/adaramarin.com\/index.php\/wp-json\/wp\/v2\/users\/1"}],"replies":[{"embeddable":true,"href":"https:\/\/adaramarin.com\/index.php\/wp-json\/wp\/v2\/comments?post=374"}],"version-history":[{"count":45,"href":"https:\/\/adaramarin.com\/index.php\/wp-json\/wp\/v2\/pages\/374\/revisions"}],"predecessor-version":[{"id":583,"href":"https:\/\/adaramarin.com\/index.php\/wp-json\/wp\/v2\/pages\/374\/revisions\/583"}],"wp:attachment":[{"href":"https:\/\/adaramarin.com\/index.php\/wp-json\/wp\/v2\/media?parent=374"}],"curies":[{"name":"wp","href":"https:\/\/api.w.org\/{rel}","templated":true}]}}